{"id":7951,"date":"2025-05-25T14:16:36","date_gmt":"2025-05-25T14:16:36","guid":{"rendered":"https:\/\/daigai.eu\/?page_id=7951"},"modified":"2025-06-09T06:48:18","modified_gmt":"2025-06-09T06:48:18","slug":"arbuzai-melionai","status":"publish","type":"page","link":"https:\/\/daigai.eu\/?page_id=7951","title":{"rendered":"Arb\u016bzai, melionai"},"content":{"rendered":"\t\t<div data-elementor-type=\"wp-page\" data-elementor-id=\"7951\" class=\"elementor elementor-7951\">\n\t\t\t\t<div class=\"elementor-element elementor-element-6216da4b e-flex e-con-boxed pxl-row-scroll-none pxl-zoom-point-false pxl-section-overflow-visible pxl-section-fix-none pxl-bg-color-none pxl-section-overlay-none e-con e-parent \" data-id=\"6216da4b\" data-element_type=\"container\">\t\t\t<div class=\"e-con-inner\">\r\n\t\t\t\t<div class=\"elementor-element elementor-element-1698257 elementor-widget elementor-widget-image\" data-id=\"1698257\" data-element_type=\"widget\" data-widget_type=\"image.default\">\n\t\t\t\t<div class=\"elementor-widget-container\">\n\t\t\t\t\t\t\t\t\t\t\t\t\t\t\t<img fetchpriority=\"high\" decoding=\"async\" width=\"1800\" height=\"500\" src=\"https:\/\/daigai.eu\/wp-content\/uploads\/2025\/05\/pomidorai.jpg\" class=\"attachment-full size-full wp-image-7888\" alt=\"\" \/>\t\t\t\t\t\t\t\t\t\t\t\t\t\t\t<\/div>\n\t\t\t\t<\/div>\n\t\t\t\t<div class=\"elementor-element elementor-element-00f05ee elementor-widget-divider--separator-type-pattern elementor-widget-divider--view-line elementor-widget elementor-widget-divider\" data-id=\"00f05ee\" data-element_type=\"widget\" data-widget_type=\"divider.default\">\n\t\t\t\t<div class=\"elementor-widget-container\">\n\t\t\t\t\t\t\t<div class=\"elementor-divider\" style=\"--divider-pattern-url: url(&quot;data:image\/svg+xml,%3Csvg xmlns=&#039;http:\/\/www.w3.org\/2000\/svg&#039; preserveAspectRatio=&#039;none&#039; overflow=&#039;visible&#039; height=&#039;100%&#039; viewBox=&#039;0 0 24 24&#039; fill=&#039;none&#039; stroke=&#039;black&#039; stroke-width=&#039;1&#039; stroke-linecap=&#039;square&#039; stroke-miterlimit=&#039;10&#039;%3E%3Cpath d=&#039;M0,21c3.3,0,8.3-0.9,15.7-7.1c6.6-5.4,4.4-9.3,2.4-10.3c-3.4-1.8-7.7,1.3-7.3,8.8C11.2,20,17.1,21,24,21&#039;\/%3E%3C\/svg%3E&quot;);\">\n\t\t\t<span class=\"elementor-divider-separator\">\n\t\t\t\t\t\t<\/span>\n\t\t<\/div>\n\t\t\t\t\t\t<\/div>\n\t\t\t\t<\/div>\n\t\t\t\t<div class=\"elementor-element elementor-element-59c2681a elementor-widget elementor-widget-text-editor\" data-id=\"59c2681a\" data-element_type=\"widget\" data-widget_type=\"text-editor.default\">\n\t\t\t\t<div class=\"elementor-widget-container\">\n\t\t\t\t\t\t\t\t\t\n<p>Bus kar\u0161ta vasara \u0161neka or\u0173 sp\u0117jikai &#8230;.<\/p>\n<p>Pavadinimai matomi nuotraukose.<\/p>\n<p>\u00a0<\/p>\n<hr \/>\n<p>\u042d\u0442\u043e \u0431\u0443\u0434\u0435\u0442 \u0436\u0430\u0440\u043a\u043e\u0435 \u043b\u0435\u0442\u043e \u043a\u0430\u043a \u0433\u043e\u0432\u043e\u0440\u044f\u0442 \u043f\u0440\u043e\u0433\u043d\u043e\u0437 \u043f\u043e\u0433\u043e\u0434\u044b,<br \/>\u041f\u043e\u044d\u0442\u043e\u043c\u0443 \u043f\u0440\u0438\u0448\u043b\u043e \u0432\u0440\u0435\u043c\u044f \u0431\u044b\u0441\u0442\u0440\u043e \u0431\u044b\u0441\u0442\u0440\u043e \u043f\u043e\u0441\u0430\u0434\u0438\u0442\u044c \u0430\u0440\u0431\u0443\u0437\u044b \u0438 \u0434\u044b\u043d\u0438\u2026<\/p>\n<p>\u0421\u043e\u0440\u0442\u0430 \u0432\u0438\u0434\u043d\u044b \u043d\u0430 \u0444\u043e\u0442\u043e\u0433\u0440\u0430\u0444\u0438\u044f\u0445.<\/p>\n\n<figure class=\"wp-block-gallery has-nested-images columns-default is-cropped wp-block-gallery-2 is-layout-flex wp-block-gallery-is-layout-flex\"><\/figure>\n\t\t\t\t\t\t\t\t<\/div>\n\t\t\t\t<\/div>\n\t\t\t\t<div class=\"elementor-element elementor-element-9e47505 elementor-widget-divider--separator-type-pattern elementor-widget-divider--view-line elementor-widget elementor-widget-divider\" data-id=\"9e47505\" data-element_type=\"widget\" data-widget_type=\"divider.default\">\n\t\t\t\t<div class=\"elementor-widget-container\">\n\t\t\t\t\t\t\t<div class=\"elementor-divider\" style=\"--divider-pattern-url: url(&quot;data:image\/svg+xml,%3Csvg xmlns=&#039;http:\/\/www.w3.org\/2000\/svg&#039; preserveAspectRatio=&#039;none&#039; overflow=&#039;visible&#039; height=&#039;100%&#039; viewBox=&#039;0 0 24 24&#039; fill=&#039;none&#039; stroke=&#039;black&#039; stroke-width=&#039;1&#039; stroke-linecap=&#039;square&#039; stroke-miterlimit=&#039;10&#039;%3E%3Cpath d=&#039;M0,21c3.3,0,8.3-0.9,15.7-7.1c6.6-5.4,4.4-9.3,2.4-10.3c-3.4-1.8-7.7,1.3-7.3,8.8C11.2,20,17.1,21,24,21&#039;\/%3E%3C\/svg%3E&quot;);\">\n\t\t\t<span class=\"elementor-divider-separator\">\n\t\t\t\t\t\t<\/span>\n\t\t<\/div>\n\t\t\t\t\t\t<\/div>\n\t\t\t\t<\/div>\n\t\t\t\t\t<\/div>\r\n\t\t\t\t<\/div>\r\n\t\t<div class=\"elementor-element elementor-element-bc58445 e-flex e-con-boxed pxl-row-scroll-none pxl-zoom-point-false pxl-section-overflow-visible pxl-section-fix-none pxl-bg-color-none pxl-section-overlay-none e-con e-parent \" data-id=\"bc58445\" data-element_type=\"container\">\t\t\t<div class=\"e-con-inner\">\r\n\t\t\t\t<div class=\"elementor-element elementor-element-f0868d7 elementor-widget elementor-widget-image-gallery\" data-id=\"f0868d7\" data-element_type=\"widget\" data-widget_type=\"image-gallery.default\">\n\t\t\t\t<div class=\"elementor-widget-container\">\n\t\t\t\t\t\t\t<div class=\"elementor-image-gallery\">\n\t\t\t\n\t\t<style type=\"text\/css\">\n\t\t\t#gallery-1 {\n\t\t\t\tmargin: auto;\n\t\t\t}\n\t\t\t#gallery-1 .gallery-item {\n\t\t\t\tfloat: left;\n\t\t\t\tmargin-top: 10px;\n\t\t\t\ttext-align: center;\n\t\t\t\twidth: 25%;\n\t\t\t}\n\t\t\t#gallery-1 img {\n\t\t\t\tborder: 2px solid #cfcfcf;\n\t\t\t}\n\t\t\t#gallery-1 .gallery-caption {\n\t\t\t\tmargin-left: 0;\n\t\t\t}\n\t\t\t\/* see gallery_shortcode() in wp-includes\/media.php *\/\n\t\t<\/style>\n\t\t<div id='gallery-1' class='gallery galleryid-7951 gallery-columns-4 gallery-size-thumbnail'><dl class='gallery-item'>\n\t\t\t<dt class='gallery-icon landscape'>\n\t\t\t\t<a data-elementor-open-lightbox=\"yes\" data-elementor-lightbox-slideshow=\"f0868d7\" data-elementor-lightbox-title=\"arbuzai_pas_Lena_3\" data-e-action-hash=\"#elementor-action%3Aaction%3Dlightbox%26settings%3DeyJpZCI6Nzk1NiwidXJsIjoiaHR0cHM6XC9cL2RhaWdhaS5ldVwvd3AtY29udGVudFwvdXBsb2Fkc1wvMjAyNVwvMDVcL2FyYnV6YWlfcGFzX0xlbmFfMy5qcGciLCJzbGlkZXNob3ciOiJmMDg2OGQ3In0%3D\" href='https:\/\/daigai.eu\/wp-content\/uploads\/2025\/05\/arbuzai_pas_Lena_3.jpg'><img decoding=\"async\" width=\"150\" height=\"105\" src=\"https:\/\/daigai.eu\/wp-content\/uploads\/2025\/05\/arbuzai_pas_Lena_3.jpg\" class=\"attachment-thumbnail size-thumbnail\" alt=\"\" \/><\/a>\n\t\t\t<\/dt><\/dl><dl class='gallery-item'>\n\t\t\t<dt class='gallery-icon landscape'>\n\t\t\t\t<a data-elementor-open-lightbox=\"yes\" data-elementor-lightbox-slideshow=\"f0868d7\" data-elementor-lightbox-title=\"arbuzai_pas_Lena_4\" data-e-action-hash=\"#elementor-action%3Aaction%3Dlightbox%26settings%3DeyJpZCI6Nzk1NywidXJsIjoiaHR0cHM6XC9cL2RhaWdhaS5ldVwvd3AtY29udGVudFwvdXBsb2Fkc1wvMjAyNVwvMDVcL2FyYnV6YWlfcGFzX0xlbmFfNC5qcGciLCJzbGlkZXNob3ciOiJmMDg2OGQ3In0%3D\" href='https:\/\/daigai.eu\/wp-content\/uploads\/2025\/05\/arbuzai_pas_Lena_4.jpg'><img decoding=\"async\" width=\"150\" height=\"146\" src=\"https:\/\/daigai.eu\/wp-content\/uploads\/2025\/05\/arbuzai_pas_Lena_4.jpg\" class=\"attachment-thumbnail size-thumbnail\" alt=\"\" \/><\/a>\n\t\t\t<\/dt><\/dl><dl class='gallery-item'>\n\t\t\t<dt class='gallery-icon landscape'>\n\t\t\t\t<a data-elementor-open-lightbox=\"yes\" data-elementor-lightbox-slideshow=\"f0868d7\" data-elementor-lightbox-title=\"arbuzai_pas_Lena_5\" data-e-action-hash=\"#elementor-action%3Aaction%3Dlightbox%26settings%3DeyJpZCI6Nzk1OCwidXJsIjoiaHR0cHM6XC9cL2RhaWdhaS5ldVwvd3AtY29udGVudFwvdXBsb2Fkc1wvMjAyNVwvMDVcL2FyYnV6YWlfcGFzX0xlbmFfNS5qcGciLCJzbGlkZXNob3ciOiJmMDg2OGQ3In0%3D\" href='https:\/\/daigai.eu\/wp-content\/uploads\/2025\/05\/arbuzai_pas_Lena_5.jpg'><img loading=\"lazy\" decoding=\"async\" width=\"150\" height=\"100\" src=\"https:\/\/daigai.eu\/wp-content\/uploads\/2025\/05\/arbuzai_pas_Lena_5.jpg\" class=\"attachment-thumbnail size-thumbnail\" alt=\"\" \/><\/a>\n\t\t\t<\/dt><\/dl><dl class='gallery-item'>\n\t\t\t<dt class='gallery-icon landscape'>\n\t\t\t\t<a data-elementor-open-lightbox=\"yes\" data-elementor-lightbox-slideshow=\"f0868d7\" data-elementor-lightbox-title=\"arbuzai_pas_Lena_6\" data-e-action-hash=\"#elementor-action%3Aaction%3Dlightbox%26settings%3DeyJpZCI6Nzk1OSwidXJsIjoiaHR0cHM6XC9cL2RhaWdhaS5ldVwvd3AtY29udGVudFwvdXBsb2Fkc1wvMjAyNVwvMDVcL2FyYnV6YWlfcGFzX0xlbmFfNi5qcGciLCJzbGlkZXNob3ciOiJmMDg2OGQ3In0%3D\" href='https:\/\/daigai.eu\/wp-content\/uploads\/2025\/05\/arbuzai_pas_Lena_6.jpg'><img loading=\"lazy\" decoding=\"async\" width=\"150\" height=\"100\" src=\"https:\/\/daigai.eu\/wp-content\/uploads\/2025\/05\/arbuzai_pas_Lena_6.jpg\" class=\"attachment-thumbnail size-thumbnail\" alt=\"\" \/><\/a>\n\t\t\t<\/dt><\/dl><br style=\"clear: both\" \/><dl class='gallery-item'>\n\t\t\t<dt class='gallery-icon landscape'>\n\t\t\t\t<a data-elementor-open-lightbox=\"yes\" data-elementor-lightbox-slideshow=\"f0868d7\" data-elementor-lightbox-title=\"arbuzai_pas_Lena_8\" data-e-action-hash=\"#elementor-action%3Aaction%3Dlightbox%26settings%3DeyJpZCI6Nzk2MCwidXJsIjoiaHR0cHM6XC9cL2RhaWdhaS5ldVwvd3AtY29udGVudFwvdXBsb2Fkc1wvMjAyNVwvMDVcL2FyYnV6YWlfcGFzX0xlbmFfOC5qcGciLCJzbGlkZXNob3ciOiJmMDg2OGQ3In0%3D\" href='https:\/\/daigai.eu\/wp-content\/uploads\/2025\/05\/arbuzai_pas_Lena_8.jpg'><img loading=\"lazy\" decoding=\"async\" width=\"150\" height=\"138\" src=\"https:\/\/daigai.eu\/wp-content\/uploads\/2025\/05\/arbuzai_pas_Lena_8.jpg\" class=\"attachment-thumbnail size-thumbnail\" alt=\"\" \/><\/a>\n\t\t\t<\/dt><\/dl>\n\t\t\t<br style='clear: both' \/>\n\t\t<\/div>\n\t\t<\/div>\n\t\t\t\t\t\t<\/div>\n\t\t\t\t<\/div>\n\t\t\t\t\t<\/div>\r\n\t\t\t\t<\/div>\r\n\t\t<div class=\"elementor-element elementor-element-5679b95 e-flex e-con-boxed pxl-row-scroll-none pxl-zoom-point-false pxl-section-overflow-visible pxl-section-fix-none pxl-bg-color-none pxl-section-overlay-none e-con e-parent \" data-id=\"5679b95\" data-element_type=\"container\">\t\t\t<div class=\"e-con-inner\">\r\n\t\t\t\t\t<\/div>\r\n\t\t\t\t<\/div>\r\n\t\t\t\t<\/div>\n\t\t","protected":false},"excerpt":{"rendered":"<p>Bus kar\u0161ta vasara \u0161neka or\u0173 sp\u0117jikai &#8230;. Pavadinimai matomi nuotraukose. \u00a0 \u042d\u0442\u043e \u0431\u0443\u0434\u0435\u0442 \u0436\u0430\u0440\u043a\u043e\u0435 \u043b\u0435\u0442\u043e \u043a\u0430\u043a \u0433\u043e\u0432\u043e\u0440\u044f\u0442 \u043f\u0440\u043e\u0433\u043d\u043e\u0437 \u043f\u043e\u0433\u043e\u0434\u044b,\u041f\u043e\u044d\u0442\u043e\u043c\u0443 \u043f\u0440\u0438\u0448\u043b\u043e \u0432\u0440\u0435\u043c\u044f \u0431\u044b\u0441\u0442\u0440\u043e \u0431\u044b\u0441\u0442\u0440\u043e \u043f\u043e\u0441\u0430\u0434\u0438\u0442\u044c \u0430\u0440\u0431\u0443\u0437\u044b \u0438 \u0434\u044b\u043d\u0438\u2026 \u0421\u043e\u0440\u0442\u0430 \u0432\u0438\u0434\u043d\u044b \u043d\u0430 \u0444\u043e\u0442\u043e\u0433\u0440\u0430\u0444\u0438\u044f\u0445.<\/p>\n","protected":false},"author":1,"featured_media":0,"parent":0,"menu_order":0,"comment_status":"closed","ping_status":"closed","template":"","meta":{"footnotes":""},"class_list":["post-7951","page","type-page","status-publish","hentry"],"_links":{"self":[{"href":"https:\/\/daigai.eu\/index.php?rest_route=\/wp\/v2\/pages\/7951","targetHints":{"allow":["GET"]}}],"collection":[{"href":"https:\/\/daigai.eu\/index.php?rest_route=\/wp\/v2\/pages"}],"about":[{"href":"https:\/\/daigai.eu\/index.php?rest_route=\/wp\/v2\/types\/page"}],"author":[{"embeddable":true,"href":"https:\/\/daigai.eu\/index.php?rest_route=\/wp\/v2\/users\/1"}],"replies":[{"embeddable":true,"href":"https:\/\/daigai.eu\/index.php?rest_route=%2Fwp%2Fv2%2Fcomments&post=7951"}],"version-history":[{"count":19,"href":"https:\/\/daigai.eu\/index.php?rest_route=\/wp\/v2\/pages\/7951\/revisions"}],"predecessor-version":[{"id":7983,"href":"https:\/\/daigai.eu\/index.php?rest_route=\/wp\/v2\/pages\/7951\/revisions\/7983"}],"wp:attachment":[{"href":"https:\/\/daigai.eu\/index.php?rest_route=%2Fwp%2Fv2%2Fmedia&parent=7951"}],"curies":[{"name":"wp","href":"https:\/\/api.w.org\/{rel}","templated":true}]}}